{"id":49,"date":"2021-08-06T10:15:04","date_gmt":"2021-08-06T08:15:04","guid":{"rendered":"https:\/\/jabietz.de\/start\/?page_id=49"},"modified":"2026-02-19T10:39:00","modified_gmt":"2026-02-19T09:39:00","slug":"ueber-mich","status":"publish","type":"page","link":"https:\/\/jabietz.de\/start\/ueber-mich\/","title":{"rendered":"\u00dcber mich&#8230;"},"content":{"rendered":"<p style=\"text-align: justify;\"><img loading=\"lazy\" decoding=\"async\" class=\" wp-image-101 alignleft\" src=\"https:\/\/jabietz.de\/start\/wp-content\/uploads\/2022\/06\/jabietz-1-148x300.jpg\" alt=\"\" width=\"175\" height=\"355\" srcset=\"https:\/\/jabietz.de\/start\/wp-content\/uploads\/2022\/06\/jabietz-1-148x300.jpg 148w, https:\/\/jabietz.de\/start\/wp-content\/uploads\/2022\/06\/jabietz-1-505x1024.jpg 505w, https:\/\/jabietz.de\/start\/wp-content\/uploads\/2022\/06\/jabietz-1-768x1558.jpg 768w, https:\/\/jabietz.de\/start\/wp-content\/uploads\/2022\/06\/jabietz-1-757x1536.jpg 757w, https:\/\/jabietz.de\/start\/wp-content\/uploads\/2022\/06\/jabietz-1-676x1371.jpg 676w, https:\/\/jabietz.de\/start\/wp-content\/uploads\/2022\/06\/jabietz-1.jpg 986w\" sizes=\"auto, (max-width: 175px) 100vw, 175px\" \/>Mein Name ist Andreas Jacobsen und ich bin 1960 in L\u00fcbeck geboren, der f\u00fcr mich sch\u00f6nsten Hansestadt der Welt. Vor dem Umzug im November 2024 nach Stockelsdorf, lebte ich seit Dezember 2013 in L\u00fcbecks sch\u00f6nster Tochter, in Travem\u00fcnde.<\/p>\n<p style=\"text-align: justify;\">Mein Vater hat mich mit dem Kartonmodellbauvirus infiziert, als ich etwa 8 Jahre jung war. Ich erinnere mich noch genau an den ersten Bogen: Die U-Boote U4 \u2013 U7 von WHV. Nachdem ich das erste Boot fertig hatte, wollte ich ein anderes Modell bauen, aber mein Vater war hartn\u00e4ckig und ich musste alle vier U-Boote bauen. Erst danach durfte ich den Bogen des K\u00fcstenwachboots \u201eNiobe\u201c anschneiden und dann kam der U-Bootj\u00e4ger \u201eThetis\u201c unter die Schere. Bis zum 16ten Lebensjahr habe ich wohl fast alle Modelle des WHV gebaut \u2013 nicht jedes ist dabei bis ins letzte Detail fertig geworden.<\/p>\n<p style=\"text-align: justify;\">Mit 16 hat sich mein Freizeitinteresse verschoben und Fu\u00dfball wurde so lange wichtiger, bis ich mit der ersten Freundin eine Wohnung hatte. Nach meiner Lehre zum Elektroinstallateur ging es zur Bundeswehr. Als Zeitsoldat wurde ich zum Unterwasserwaffenelektroniker (VR 36) ausgebildet und f\u00fcr gut f\u00fcnf Jahre war das Unterseeboot \u201eU1\u201c des 1. U-Bootgeschwaders in Kiel mein Stammboot. Nach der Marinezeit habe ich mit 29 Jahren ein FH-Studium begonnen und knapp vier Jahre sp\u00e4ter mit dem Titel \u201eDiplom-Ingenieur f\u00fcr Nachrichtentechnik\u201c abgeschlossen.<\/p>\n<p style=\"text-align: justify;\">Nach vielen Jahren der Modellbauabstinenz habe ich mich ab 2003 einige Zeit am RC-Funktionsmodellbau versucht. Das ging leider nicht immer in der Wohnung, so dass ich mich im Sommer 2006 an den Kartonmodellbau erinnerte. Nach einiger Recherche hatte ich auch einen gro\u00dfen Shop in Hamburg gefunden, der eine Riesenauswahl an Bastelb\u00f6gen im Regal hatte.<br \/>\nMein Wiedereinstiegsmodell war im August 2006 das Gew\u00e4sserschutzschiff \u201eMellum\u201c, welches mir gleich meine bastlerischen Grenzen aufgezeigt, aber auch die M\u00f6glichkeiten der heutigen Zeit mit Lasercut- und \u00c4tzteilen beschert hatte. Dazu kam eine weitere Neuerung: das Kantenf\u00e4rben mit Aquarellstiften. Seit 2007 habe ich nun verschiedene Schiffsmodelle unterschiedlichster Schwierigkeitsgrade und Verlage gebaut. Die Kr\u00f6nung war bisher der Einsatzgruppenversorger &#8222;Frankfurt am Main&#8220; der Marine, den ich aus \u00fcber 7000 Einzelteilen in \u00fcber 320 Stunden an mehr als 180 Basteltagen zusammengebaut habe.<\/p>\n<p style=\"text-align: justify;\">Neben dem &#8222;normalen Basteln&#8220; hatte ich auch sehr gerne Kontrollbauten f\u00fcr den leider 2013 viel zu fr\u00fch verstorbenen Konstrukteur Peter &#8222;Piet&#8220; Brandt machen d\u00fcrfen. Der interessanteste Kontrollbau betraf den damals neuen Notschlepper der Nordsee, die &#8222;Nordic&#8220;. Hier war die besondere Herausforderung, dass das Modell zur Taufe des Vorbildes am 8.Dezember 2010 fertig sein sollte. Es hatte geklappt!<\/p>\n<p style=\"text-align: justify;\">Im Dezember 2013 habe ich eine neue Herausforderung angenommen und konstruiere seitdem eigene Kartonmodelle, wobei sich das erste Modell, die F\u00e4hren &#8222;Rungholt\/Nordfriesland\u201c, auf neuzeichnen und aktualisieren der Texturen und Details sowie den Kontrollbau des bekannten Bogens aus der Feder von Peter Brandt beschr\u00e4nkte. 2014 habe ich die von Piet begonnene Konstruktion der Zollkreuzer &#8222;Helgoland&#8220; und &#8222;Borkum\u201c fortgef\u00fchrt, mit dessen Kontrollbau vom SWATH-Rumpf ich im Mai 2013 schon begonnen hatte. Auch wenn schon viele Teile scheinbar ohne R\u00fccksicht auf Kartonst\u00e4rken von Piet abgewickelt wurden, so war noch jede Menge an der Aktualisierung der Texturen zu tun, denn die &#8222;Helgoland\u201c hatte zwischenzeitlich viele \u00c4nderungen erfahren. Auch fehlten im Bogen noch jegliche Kleinteile, wie auch eine Bauteilnummerierung und es gab noch kein einziges Anleitungsbild.<\/p>\n<p style=\"text-align: justify;\">Mein erstes eigenes Modell, welches ich von Grund auf selbst gezeichnet habe, ist das norwegische Dampfschiff &#8222;B\u00f8r\u00f8ysund\u201c. Dieses Modell ist seit Mai 2016 mit einem Lasercutsatz erh\u00e4ltlich. Mit der entgegen allen Versprechungen versp\u00e4teten Ver\u00f6ffentlichung dieses Modells kam es zur l\u00e4ngst f\u00e4lligen Trennung meinerseits von dem Hamburger Modellbaubogen Verlag.<\/p>\n<p style=\"text-align: justify;\">Nach dieser Trennung habe ich mir viele Gedanken \u00fcber meine Modellbauzukunft gemacht und den Entschluss gefasst meinen eigenen Kleinverlag zu gr\u00fcnden, den &#8222;KvJ &#8211; Kartonmodellbaubogen von Jabietz&#8220;. Grundlage meines Verlags sind eigene Konstruktionen, die mit professionellen 12-Farben-Tintenstrahldruckern gedruckt werden. Dazu gibt es eine kombinierte Foto- und Textanleitung, die seit 2020 farbig daherkommt, sowie eine Bauteilliste. Optional sind \u00c4tzteil-Platinen erh\u00e4ltlich, die wichtige filigrane Bauteile aus Karton ersetzen kann. Auf Grund der schlechter gewordenen Qualit\u00e4t der Lohn\u00e4tzerei habe ich mich allerdings im Sommer 2024 entschieden, zuk\u00fcnftig die abverkauften \u00c4tzteil-Platinen durch farbig bedruckte Lasercut-Platinen aus dem eigenen Diodenlaser anzubieten und durch weitere Standard-Platinen zu erg\u00e4nzen.<\/p>\n<p>Folgenden Modellbaub\u00f6gen sind in meinem Verlag bereits erschienen:<\/p>\n<ul>\n<li>02.2017: Seehafenassistenz-Schlepper &#8222;BUGSIER 17\/18&#8220;<\/li>\n<li>12.2017:\u00a0Fregatte Klasse 122<\/li>\n<li><span style=\"text-align: justify;\">04.2018: Feuerschiff &#8222;FEHMARNBELT&#8220;<\/span><\/li>\n<li><span style=\"text-align: justify;\">10.2018: Schubboot &#8222;THYSSEN II&#8220; mit Leichter Typ Europa II<\/span><\/li>\n<li><span style=\"text-align: justify;\">03.2019: Schnellboot Klasse 148<\/span><\/li>\n<li><span style=\"text-align: justify;\">12.2019: Forschungsschiff &#8222;POSEIDON&#8220;<\/span><\/li>\n<li>03.2020: Schnellboot Klasse 143A<\/li>\n<li>03.2020: Pontonanlage<\/li>\n<li>12.2020: Mehrzweckschiff &#8222;NEUWERK&#8220; mit Unterwasserrumpf<\/li>\n<li>01.2021: Unterwasserrumpf f\u00fcr &#8222;BUGSIER 17\/18&#8220;<\/li>\n<li>06.2021: Schwimmdock (100m)<\/li>\n<li>02.2022: Lotsenboote Alupilot 17M &#8211; V2 Germany<\/li>\n<li>02.2022: Leuchtturm Travem\u00fcnde (Jubil\u00e4umsmodell &#8222;5 Jahre KvJ&#8220;)<\/li>\n<li>07.2022: Leuchtturm Kiel mit Lotsenstation<\/li>\n<li>06.2024: Kleines Diorama &#8222;I SK\u00c4RG\u00c5RDEN&#8220;<\/li>\n<li>03.2025: Motorschiff &#8222;Finnmarken&#8220; <span style=\"font-size: 8pt;\">(1956)<\/span><\/li>\n<li>06.2025: Lotsenboote Alupilot 17M mit Rettungsplattform<\/li>\n<li>08.2025: Kleinlokomotive &#8222;K\u00d6F II&#8220; in 1:45<\/li>\n<li>02.2026: Kleinlokomotive &#8222;K\u00d6F II&#8220; in 1:87<\/li>\n<\/ul>\n<p style=\"text-align: justify;\">Nach der Konstruktion der &#8222;Finnmarken&#8220; ist es im Fr\u00fchjahr 2025 mal wieder so gewesen, dass ich keine Schiffe mit Klein- und Kleinstteilen (bin ja selber schuld daran) mehr sehen konnte und mich durch die Erweiterung der Lotsenboote mit der Rettungsplattform gequ\u00e4lt hatte. Ein in der darauffolgenden Konstruktionspause gekaufter Klemmbausteinbaukasten hat mich nicht nur einfach zur Eisenbahn gef\u00fchrt, sondern mich auch so richtig angefixt, jenes Modell einer K\u00d6F II auch in Karton in den Ma\u00dfst\u00e4ben 1:45 und 1:87 zu verwirklichen.<\/p>\n<p style=\"text-align: justify;\">F\u00fcr weitere Modelle gibt es keinen festgelegten Zeitplan.<\/p>\n<p>(Stand: 19. Februar 2026)<!--\n&nbsp;\n\n<span style=\"font-size: 14pt;\"><strong>Warum gibt es diesen Blog???<\/strong><\/span>\n\n<strong>Weil viele nicht wissen, warum ich im April 2012 ein bekanntes deutsches Forum verlassen musste und auf Grund eines Beitrags in dem Forum vom 23.10.2014 einige Anfragen per Mail eintrafen, kommt hier die Wahrheit\u00a0(jede andere Darstellung durch die Betreiber des Forums ist einfach falsch): <span style=\"color: #ff0000;\">Nach der pers\u00f6nlichen Beleidigung des Konstrukteurs eines Modellbauverlages bei der Preisverleihung anl\u00e4sslich des Joachim-Schulze-Preises in Bremerhaven (ich sollte den Gegenwert des Preises in einem alten abgegriffenen Fensterbriefumschlag in bar erhalten, weil man mich nicht mit dem Modellbaubogen, dem eigentlichen Preis, konfrontieren m\u00f6chte), musste ich mich sehr zur\u00fcckhalten, um diesen Akademiker nicht ob seiner Frechheit einfach umzuhauen. Auf der R\u00fcckfahrt nach Hause, habe ich mir \u00fcberlegt, dass ich wenigstens die Texte meiner Bauberichte in dem Forum sichern sollte, falls man mich tats\u00e4chlich sperren sollte. Zuhause angekommen konnte ich mich nicht mehr an dem Forum anmelden und als \"Gast\" konnte ich sehen, dass alle von mir begonnenen Threads kommentarlos, und ohne mich auch nur in irgendeiner Weise zu informieren, gel\u00f6scht wurden.\u00a0Nur meine Beitr\u00e4ge, Kommentare und Fotos in anderen Threads waren noch vorhanden. Das war mir dann aber auch zu dumm\u00a0und habe das L\u00f6schen aller meiner Beitr\u00e4ge angeordnet. Und wenn ich bei den Forumsbetreibern schon \"Persona non grata\" bin (obwohl man mich\u00a0neuerdings als\u00a0\"norddeutsches Universalgenie\" oder den \"Besten\" bezeichnet), <del>dann sollen sie meinen Namen auch nicht mehr erw\u00e4hnen d\u00fcrfen<\/del>. Jedes Recht an meinen Texten und Bildern habe ich <del>dem Forum wie auch<\/del> dem Kartonbauverlag entzogen sowie bei letzterem die L\u00f6schung meiner Kundenkartei gefordert. Gef\u00f6rdert wurde das L\u00f6schen meines Accounts in dem Forum sicherlich auch durch meine kritischen Worte gegen\u00fcber dem Verlag, dass sich einige B\u00f6gen einfach nicht bauen lassen (zwei sp\u00e4tere Bauberichte mit weniger harschen Worten haben das in dem Forum sogar best\u00e4tigt!!!). Und dass jetzt ein Bastelbogen der \"Extraklasse\" mit einem Korrekturbogen versehen ist, auf dem vermerkt steht, dass ein Kunde auf fehlerhafte Teile hingewiesen hat (wer mag das blo\u00df gewesen sein?), das sagt doch alles. Ich denke, hier w\u00e4re eine Entschuldigung seitens des Verlages dringend angebracht gewesen, zumal der Konstrukteur sp\u00e4ter die Unzul\u00e4nglichkeiten in den B\u00f6gen ebenfalls\u00a0zugegeben hat.<\/span><\/strong>\n\nNichtsdestotrotz\u00a0sah ich mich von vielen so genannten \"Freunden\" zutiefst get\u00e4uscht und verletzt und wollte mich aus der Kartonmodellbau-\u00d6ffentlichkeit zur\u00fcckziehen.\u00a0Nach langem \u00dcberlegen habe ich mich schlie\u00dflich doch entschieden, meinen Modellbau weiterhin der \u00d6ffentlichkeit zu zeigen und bin\u00a0seit Oktober 2012 mit meinen Bauberichten wieder online. Motiviert dazu haben mich sehr viele liebe Mails und insbesondere viele pers\u00f6nliche Gespr\u00e4che mit echten Freunden des Kartonbaus und deren Bitten, ich m\u00f6ge meine Bauberichte \"irgendwie\" weiter zeigen und im globalen Netz zur Verf\u00fcgung stellen.\n\nSicherlich bin ich nun f\u00fcr den Betrieb dieses Blog allein verantwortlich, aber ich muss mich f\u00fcr meine Beitr\u00e4ge nicht rechtfertigen. Es wird in diesem Blog auch keinen \"F\u00fcllfunk\" geben und ich muss keine Sanktionen\u00a0durch voreingenommene\u00a0Foren-Betreiber f\u00fcrchten. Ich w\u00fcrde mich freuen, wenn dieser Blog euer Interesse geweckt haben sollte und freue mich auf Kommentare, W\u00fcnsche, Meinungen, Feedback.\n--><\/p>\n","protected":false},"excerpt":{"rendered":"<p>Mein Name ist Andreas Jacobsen und ich bin 1960 in L\u00fcbeck geboren, der f\u00fcr mich sch\u00f6nsten Hansestadt der Welt. Vor dem Umzug im November 2024 nach Stockelsdorf, lebte ich seit Dezember 2013 in L\u00fcbecks sch\u00f6nster Tochter, in Travem\u00fcnde. Mein Vater hat mich mit dem Kartonmodellbauvirus infiziert, als ich etwa 8 Jahre jung war. Ich erinnere [&hellip;]<\/p>\n","protected":false},"author":2,"featured_media":0,"parent":0,"menu_order":0,"comment_status":"closed","ping_status":"closed","template":"","meta":{"footnotes":""},"class_list":["post-49","page","type-page","status-publish","hentry","post-preview"],"_links":{"self":[{"href":"https:\/\/jabietz.de\/start\/wp-json\/wp\/v2\/pages\/49","targetHints":{"allow":["GET"]}}],"collection":[{"href":"https:\/\/jabietz.de\/start\/wp-json\/wp\/v2\/pages"}],"about":[{"href":"https:\/\/jabietz.de\/start\/wp-json\/wp\/v2\/types\/page"}],"author":[{"embeddable":true,"href":"https:\/\/jabietz.de\/start\/wp-json\/wp\/v2\/users\/2"}],"replies":[{"embeddable":true,"href":"https:\/\/jabietz.de\/start\/wp-json\/wp\/v2\/comments?post=49"}],"version-history":[{"count":14,"href":"https:\/\/jabietz.de\/start\/wp-json\/wp\/v2\/pages\/49\/revisions"}],"predecessor-version":[{"id":181,"href":"https:\/\/jabietz.de\/start\/wp-json\/wp\/v2\/pages\/49\/revisions\/181"}],"wp:attachment":[{"href":"https:\/\/jabietz.de\/start\/wp-json\/wp\/v2\/media?parent=49"}],"curies":[{"name":"wp","href":"https:\/\/api.w.org\/{rel}","templated":true}]}}