{"id":41,"date":"2021-08-06T10:10:10","date_gmt":"2021-08-06T08:10:10","guid":{"rendered":"https:\/\/jabietz.de\/start\/?page_id=41"},"modified":"2026-01-30T07:53:23","modified_gmt":"2026-01-30T06:53:23","slug":"impressum","status":"publish","type":"page","link":"https:\/\/jabietz.de\/start\/impressum\/","title":{"rendered":"Impressum"},"content":{"rendered":"<h2>Angaben gem\u00e4\u00df \u00a75 TMG<\/h2>\n<p>Andreas Jacobsen<br \/>\nKolberger Str. 13<br \/>\n23617 Stockelsdorf<\/p>\n<h2>Kontakt:<\/h2>\n<p>Tel.: 0451 &#8211; 304 789 39<br \/>\n(m\u00f6glichst Mo-Fr nur 16:00 bis 18:00 Uhr)<\/p>\n<h2>E-Mail:<\/h2>\n<p><a href=\"mailto:info@jabietz.de\">Mail an mich? Bitte hier klicken<\/a><\/p>\n<p>Verantwortlich f\u00fcr den Inhalt nach \u00a7 55 Abs. 2 RStV: Andreas Jacobsen, 23617 Stockelsdorf<\/p>\n<hr \/>\n<p>&nbsp;<\/p>\n<h1>Haftungsausschluss:<\/h1>\n<h2>Haftung f\u00fcr Inhalte<\/h2>\n<p>Die Inhalte meiner Seiten wurden mit gr\u00f6\u00dftem Sorgfalt erstellt. F\u00fcr die Richtigkeit, Vollst\u00e4ndigkeit und Aktualit\u00e4t der Inhalte kann ich jedoch keine Gew\u00e4hr \u00fcbernehmen. Als Diensteanbieter bin ich gem\u00e4\u00df \u00a7 7 Abs.1 TMG f\u00fcr eigene Inhalte auf diesen Seiten nach den allgemeinen Gesetzen verantwortlich. Nach \u00a7\u00a7 8 bis 10 TMG bin ich als Diensteanbieter jedoch nicht verpflichtet, \u00fcbermittelte oder gespeicherte fremde Informationen zu \u00fcberwachen oder nach Umst\u00e4nden zu forschen, die auf eine rechtswidrige T\u00e4tigkeit hinweisen. Verpflichtungen zur Entfernung oder Sperrung der Nutzung von Informationen nach den allgemeinen Gesetzen bleiben hiervon unber\u00fchrt. Eine diesbez\u00fcgliche Haftung ist jedoch erst ab dem Zeitpunkt der Kenntnis einer konkreten Rechtsverletzung m\u00f6glich. Bei Bekanntwerden von entsprechenden Rechtsverletzungen werde ich diese Inhalte umgehend entfernen.<\/p>\n<p>Ich weise ausdr\u00fccklich darauf hin, dass ich KEINE Verantwortung f\u00fcr irgendwelche Sch\u00e4den \u00fcbernehme, die im Zusammenhang mit der Nutzung von jabietz.de entstehen. Alle Rechte, wie auch Pflichten, verbleiben beim Ersteller des Beitrags.<\/p>\n<h2>Hinweise zu den Hyperlinks<\/h2>\n<p>Mit Urteil vom 12. Mai 1998 hat das Landgericht Hamburg entschieden, dass man durch die Ausbringung eines Links die Inhalte der gelinkten Seite ggf. mit zu verantworten hat. Dies kann &#8211; so das LG &#8211; nur dadurch verhindert werden, dass man sich ausdr\u00fccklich von diesen Inhalten distanziert. Auf verschiedenen Seiten dieser Homepage befinden sich Links zu anderen Seiten im Internet. F\u00fcr all diese Links gilt: Ich m\u00f6chte ausdr\u00fccklich betonen, dass ich keinerlei Einfluss auf die Gestaltung und die Inhalte der gelinkten Seiten habe. Deshalb distanziere ich mich hiermit ausdr\u00fccklich von allen Inhalten aller gelinkten Seiten auf dieser Homepage und mache mir ihre Inhalte nicht zu eigen. Diese Erkl\u00e4rung gilt f\u00fcr alle auf dieser Homepage ausgebrachten Links. Ich trage keine Verantwortung f\u00fcr die Art, wie die hier zur Verf\u00fcgung gestellten Informationen genutzt werden. Als Inhaltsanbieter f\u00fcr die ver\u00f6ffentlichten eigenen Inhalte auf dieser Website (jabietz.de), bin ich nach den allgemeinen Gesetzen verantwortlich. Von diesen eigenen Inhalten sind Querverweise (&#8222;Links&#8220;) auf die von anderen Anbietern bereitgehaltenen Inhalte zu unterscheiden. Durch den Querverweis halte ich insofern &#8222;fremde Inhalte&#8220; zur Nutzung bereit, die in dieser Weise gekennzeichnet sind: http:\/\/.. F\u00fcr diese fremden Inhalte bin ich nur dann verantwortlich, wenn von ihnen (d.h. auch von einem rechtswidrigen bzw. strafbaren Inhalt) positive Kenntnis vorliegt und es mir technisch m\u00f6glich und zumutbar ist, deren Nutzung zu verhindern (\u00a75 Abs.2 des TDG).<\/p>\n<p>Bei &#8222;Links&#8220; handelt es sich allerdings stets um &#8222;lebende&#8220; (dynamische) Verweisungen. Ich habe bei der erstmaligen Verkn\u00fcpfung den fremden Inhalt daraufhin \u00fcberpr\u00fcft, ob durch ihn eine m\u00f6gliche zivilrechtliche oder strafrechtliche Verantwortlichkeit ausgel\u00f6st wird.<\/p>\n<p>Ich bin aber nach dem TDG nicht dazu verpflichtet, die Inhalte, auf die ich in meinem Angebot verweise, st\u00e4ndig auf Ver\u00e4nderungen zu \u00fcberpr\u00fcfen, die eine Verantwortlichkeit neu begr\u00fcnden k\u00f6nnten. Erst wenn ich feststelle oder von anderen darauf hingewiesen werde, dass ein konkretes Angebot, zu dem ich einen Link bereitgestellt habe, eine zivil- oder strafrechtliche Verantwortlichkeit ausl\u00f6st, werde ich den Verweis auf dieses Angebot aufheben, soweit es mir technisch m\u00f6glich und zumutbar ist. Die technische M\u00f6glichkeit und Zumutbarkeit wird nicht dadurch beeinflusst, dass auch nach Unterbindung des Zugriffs von meiner Homepage von anderen Servern aus auf das rechtswidrige oder strafbare Angebot zugegriffen werden kann.<\/p>\n<h2><span style=\"color: #ff0000;\">Urheberrecht<\/span><\/h2>\n<p><span style=\"color: #ff0000;\">Die durch den Seitenbetreiber erstellten Inhalte und Werke auf diesen Seiten unterliegen dem deutschen Urheberrecht. Die Vervielf\u00e4ltigung, Bearbeitung, Verbreitung und jede Art der Verwertung au\u00dferhalb der Grenzen des Urheberrechtes bed\u00fcrfen der schriftlichen Zustimmung des jeweiligen Autors bzw. Erstellers. Downloads und Kopien dieser Seite sind nur f\u00fcr den privaten, nicht kommerziellen Gebrauch gestattet. Soweit die Inhalte auf dieser Seite nicht vom Betreiber erstellt wurden, werden die Urheberrechte Dritter beachtet. Insbesondere werden Inhalte Dritter als solche gekennzeichnet.<\/span><\/p>\n<p><span style=\"color: #ff0000;\">Falls Sie vermuten, dass von dieser Website aus eines Ihrer Schutzrechte verletzt wird, teilen Sie das bitte umgehend per elektronischer Post mit, damit z\u00fcgig Abhilfe geschafft werden kann. Bitte nehmen Sie zur Kenntnis: Die zeitaufw\u00e4ndigere Einschaltung eines Anwaltes zur f\u00fcr den Diensteanbieter kostenpflichtigen Abmahnung entspricht nicht dessen wirklichen oder mutma\u00dflichen Willen. Bei Bekanntwerden von Rechtsverletzungen werde ich derartige Inhalte umgehend entfernen.<\/span><\/p>\n<p>Der Nutzung von im Rahmen der Impressumspflicht ver\u00f6ffentlichten Kontaktdaten durch Dritte zur \u00dcbersendung von nicht ausdr\u00fccklich angeforderter Werbung und Informationsmaterialien wird hiermit ausdr\u00fccklich widersprochen. Der Betreiber der Seiten beh\u00e4lt sich rechtliche Schritte im Falle der unverlangten Zusendung von Werbeinformationen, etwa durch Spam-Mails, vor.<\/p>\n<h2>Alternative Streitbeilegung gem\u00e4\u00df Art. 14 Abs. 1 ODR-VO und \u00a7 36 VSBG:<\/h2>\n<p>Die Europ\u00e4ische Kommission stellt eine Plattform zur Online-Streitbeilegung (OS) bereit, die Sie unter\u00a0<a href=\"https:\/\/ec.europa.eu\/consumers\/odr\" target=\"_blank\" rel=\"noopener\">https:\/\/ec.europa.eu\/consumers\/odr<\/a>\u00a0finden.<br \/>\nZur Teilnahme an einem Streitbeilegungsverfahren vor einer Verbraucherschlichtungsstelle sind wir nicht verpflichtet und nicht bereit.<\/p>\n","protected":false},"excerpt":{"rendered":"<p>Angaben gem\u00e4\u00df \u00a75 TMG Andreas Jacobsen Kolberger Str. 13 23617 Stockelsdorf Kontakt: Tel.: 0451 &#8211; 304 789 39 (m\u00f6glichst Mo-Fr nur 16:00 bis 18:00 Uhr) E-Mail: Mail an mich? Bitte hier klicken Verantwortlich f\u00fcr den Inhalt nach \u00a7 55 Abs. 2 RStV: Andreas Jacobsen, 23617 Stockelsdorf &nbsp; Haftungsausschluss: Haftung f\u00fcr Inhalte Die Inhalte meiner Seiten [&hellip;]<\/p>\n","protected":false},"author":2,"featured_media":0,"parent":0,"menu_order":0,"comment_status":"closed","ping_status":"closed","template":"","meta":{"footnotes":""},"class_list":["post-41","page","type-page","status-publish","hentry","post-preview"],"_links":{"self":[{"href":"https:\/\/jabietz.de\/start\/wp-json\/wp\/v2\/pages\/41","targetHints":{"allow":["GET"]}}],"collection":[{"href":"https:\/\/jabietz.de\/start\/wp-json\/wp\/v2\/pages"}],"about":[{"href":"https:\/\/jabietz.de\/start\/wp-json\/wp\/v2\/types\/page"}],"author":[{"embeddable":true,"href":"https:\/\/jabietz.de\/start\/wp-json\/wp\/v2\/users\/2"}],"replies":[{"embeddable":true,"href":"https:\/\/jabietz.de\/start\/wp-json\/wp\/v2\/comments?post=41"}],"version-history":[{"count":3,"href":"https:\/\/jabietz.de\/start\/wp-json\/wp\/v2\/pages\/41\/revisions"}],"predecessor-version":[{"id":176,"href":"https:\/\/jabietz.de\/start\/wp-json\/wp\/v2\/pages\/41\/revisions\/176"}],"wp:attachment":[{"href":"https:\/\/jabietz.de\/start\/wp-json\/wp\/v2\/media?parent=41"}],"curies":[{"name":"wp","href":"https:\/\/api.w.org\/{rel}","templated":true}]}}