{"id":9,"date":"2016-12-12T07:46:36","date_gmt":"2016-12-12T06:46:36","guid":{"rendered":"http:\/\/jabietz.de\/shop\/datenschutzbelehrung\/"},"modified":"2024-10-28T06:35:32","modified_gmt":"2024-10-28T05:35:32","slug":"datenschutzbelehrung","status":"publish","type":"page","link":"https:\/\/jabietz.de\/shop\/datenschutzbelehrung\/","title":{"rendered":"Datenschutzbelehrung"},"content":{"rendered":"<h1>Datenschutzhinweise f\u00fcr die Webseite\u00a0www.jabietz.de\u00a0und Subseiten<\/h1>\n<hr \/>\n<p>Mein Bestreben ist es, dass Sie sich auf meiner Webseite wohlf\u00fchlen. Der Schutz Ihrer Privatsph\u00e4re und Ihr Pers\u00f6nlichkeitsrecht sind deshalb f\u00fcr mich ein wichtiges Anliegen. Deshalb m\u00f6chte ich Sie bitten, die nachfolgende Zusammenfassung \u00fcber die Funktionsweise meiner Webseite aufmerksam zu lesen. Sie k\u00f6nnen auf eine transparente und faire Datenverarbeitung vertrauen und ich bem\u00fche mich um einen sorgsamen und verantwortungsvollen Umgang mit Ihren Daten. Die folgenden Datenschutzhinweise sollen Sie dar\u00fcber informieren, wie ich Ihre pers\u00f6nlichen Daten verwende. Dabei halte ich mich an die strengen Bestimmungen des deutschen Datenschutzrechts sowie an die Anforderungen aus der europ\u00e4ischen Datenschutz-Grundverordnung (DS-GVO).<\/p>\n<hr \/>\n<h2>Verantwortlicher und Kontakt<\/h2>\n<p>Verantwortlicher im Sinne der DS-GVO, sonstiger in den Mitgliedsstaaten der EU geltenden Datenschutzgesetze und anderer Bestimmungen mit datenschutzrechtlichem Charakter ist:<\/p>\n<p><b>Andreas Jacobsen, Kolberger Stra\u00dfe 13, 23617 Stockelsdorf, Deutschland<br \/>\nTel.: 0451 \/ 30478939 (Anrufbeantworter)<br \/>\n<a href=\"mailto:info@jabietz.de\">Mail an mich? Bitte hier klicken<\/a><\/b><\/p>\n<hr \/>\n<h2>Umfang der Verarbeitung personenbezogener Daten<\/h2>\n<p>Ich erhebe und verwende personenbezogene Daten von Ihnen grunds\u00e4tzlich nur, soweit dies zur Bereitstellung einer funktionsf\u00e4higen Webseite sowie meiner Inhalte und Leistungen erforderlich ist, z.B. wenn Sie sich auf meiner Webseite registrieren oder in ein bestehendes Kundenkonto einloggen oder wenn Sie Produkte bestellen. Die Erhebung und Verwendung Ihrer personenbezogenen Daten erfolgt regelm\u00e4\u00dfig nur mit Ihrer Einwilligung. Eine Ausnahme gilt in solchen F\u00e4llen, in denen eine vorherige Einwilligung aus tats\u00e4chlichen Gr\u00fcnden nicht m\u00f6glich ist und die Verarbeitung der Daten durch gesetzliche Vorschriften gestattet ist.<\/p>\n<p>Die Sicherheit Ihrer personenbezogenen Daten hat f\u00fcr mich eine hohe Priorit\u00e4t. Ihre bei mir gespeicherten Daten sch\u00fctze ich deshalb durch technische und organisatorische Ma\u00dfnahmen, um einem Verlust oder Missbrauch durch Dritte wirkungsvoll vorzubeugen. Zum Schutz ihrer personenbezogenen Daten werden diese verschl\u00fcsselt \u00fcbertragen; zum Beispiel verwende ich f\u00fcr die Kommunikation \u00fcber Ihren Internet-Browser SSL=Secure Socket Layer. Dies erkennen Sie an dem Schloss-Symbol, das Ihr Browser bei einer SSL-Verbindung anzeigt. Um den dauerhaften Schutz Ihrer Daten zu gew\u00e4hrleisten, werden die technischen Sicherheitsma\u00dfnahmen regelm\u00e4\u00dfig \u00fcberpr\u00fcft und falls erforderlich an den Stand der Technik angepasst.<\/p>\n<hr \/>\n<h2>Verarbeitungszwecke und Rechtsgrundlagen der Verarbeitung Ihrer personenbezogenen Daten<\/h2>\n<h3>Ich erhebe, verarbeite und nutze Ihre personenbezogenen Daten f\u00fcr folgende Zwecke:<\/h3>\n<p>\u2022 Begr\u00fcndung und Durchf\u00fchrung von Vertragsverh\u00e4ltnissen<\/p>\n<p>\u2022 Kundenservice und Kundensupport<\/p>\n<p>\u2022 Bereitstellung von Telemedien, wie z.B. zur Bestellabwicklung unseres Online-Angebotes von Waren und Dienstleistungen<\/p>\n<h3>Auf folgenden Rechtsgrundlagen kann die Verarbeitung Ihrer personenbezogenen Daten beruhen:<\/h3>\n<p>\u2022 Art. 6 Abs. 1 lit. a DS-GVO dient uns als Rechtsgrundlage f\u00fcr Verarbeitungsvorg\u00e4nge, bei denen ich Ihre Einwilligung f\u00fcr einen bestimmten Verarbeitungszweck einhole.<\/p>\n<p>\u2022 Art. 6 Abs. 1 lit. b DS-GVO, soweit die Verarbeitung personenbezogener Daten zur Erf\u00fcllung eines Vertrages erforderlich ist, z.B. wenn Sie ein Produkt erwerben. Gleiches gilt f\u00fcr solche Verarbeitungsvorg\u00e4nge, die zur Durchf\u00fchrung vorvertraglicher Ma\u00dfnahmen erforderlich sind, etwa bei Anfragen zu meinen Produkten oder Leistungen.<\/p>\n<p>\u2022 Art. 6 Abs. 1 lit. c DS-GVO, soweit ich einer rechtlichen Verpflichtung unterliege, die eine Verarbeitung personenbezogener Daten erfordert, wie beispielsweise zur Erf\u00fcllung steuerlicher Pflichten.<\/p>\n<p>\u2022 Art. 6 Abs. 1 lit. d DS-GVO f\u00fcr den Fall, dass lebenswichtige Interessen von Ihnen oder einer anderen nat\u00fcrlichen Person eine Verarbeitung personenbezogener Daten erforderlich machen.<\/p>\n<p>\u2022 Art. 6 Abs. 1 lit. f DS-GVO findet auf Grundlage meiner berechtigten Interessen Anwendung, z.B. bei Einsatz von Dienstleistern im Rahmen der Auftragsverarbeitung, wie Versanddienstleistern oder bei der Protokollierung von Anmeldeverfahren. Mein Interesse richtet sich auf den Einsatz einer nutzerfreundlichen, ansprechenden und sicheren Darstellung sowie Optimierung meines Webangebotes, das sowohl meinen gesch\u00e4ftlichen Interessen dient, als auch Ihren Erwartungen entspricht.<\/p>\n<hr \/>\n<h2>Dauer der Speicherung und routinem\u00e4\u00dfige L\u00f6schung von personenbezogenen Daten<\/h2>\n<p>Ich verarbeite und speichere Ihre personenbezogenen Daten nur f\u00fcr den Zeitraum, der zur Erf\u00fcllung des Speicherungszweckes erforderlich ist oder sofern dies in Gesetzen oder Vorschriften vorgesehen wurde. Nach Wegfall oder Erf\u00fcllung des Zwecks werden Ihre personenbezogenen Daten gel\u00f6scht bzw. gesperrt. Im Fall der Sperrung erfolgt die L\u00f6schung sobald gesetzliche, satzungsm\u00e4\u00dfige oder vertragliche Aufbewahrungsfristen nicht entgegenstehen, kein Grund zu der Annahme besteht, dass eine L\u00f6schung Ihre schutzw\u00fcrdigen Interessen beeintr\u00e4chtigt und eine L\u00f6schung wegen der besonderen Art der Speicherung keinen unverh\u00e4ltnism\u00e4\u00dfig hohen Aufwand verursacht.<\/p>\n<hr \/>\n<h2>Erfassung allgemeiner Daten und Informationen, sog. Logfiles<\/h2>\n<p>Meine Webseite erfasst mit jedem Aufruf auf Basis des Art. 6 Abs. 1 lit. f DS-GVO eine Reihe von allgemeinen Daten und Informationen, welche in Logfiles eines Servers tempor\u00e4r gespeichert werden. Eine Logdatei wird im Zuge eines automatischen Protokolls des verarbeitenden Computersystems erstellt. Erfasst werden:<\/p>\n<p>\u2022 Zugriff auf die Webseite (Datum, Uhrzeit und H\u00e4ufigkeit)<br \/>\n\u2022 Wie Sie auf die Webseite gelangt sind (vorherige Seite, Hyperlink etc.)<br \/>\n\u2022 Menge der gesendeten Daten<br \/>\n\u2022 Besuchte Website<br \/>\n\u2022 Hostname des zugreifenden Rechners<br \/>\n\u2022 Welchen Browser und welche Browserversion Sie verwenden<br \/>\n\u2022 Das von Ihnen verwendete Betriebssystem<br \/>\n\u2022 Welchen Internet-Service-Provider Sie verwenden<br \/>\n\u2022 Ihre IP-Adresse, die Ihr Internet-Access-Provider Ihrem Computer bei der Verbindung zum Internet zuweist<\/p>\n<p>Die Erfassung und Speicherung dieser Daten ist f\u00fcr den Betrieb der Internetseite erforderlich, um die Funktionalit\u00e4t der Webseite sicherzustellen und die Inhalte meiner Webseite korrekt auszuliefern. Zudem dienen mir die Daten zur Optimierung meiner Webseite und zur Gew\u00e4hrleistung der Sicherheit meiner IT-Systeme. F\u00fcr die Ermittlung der Blog-L\u00e4nder in meinem Modellbau-Blog und im Blog zur Fregatte \u201eL\u00fcbeck\u201c werden die IP-Adressen der Blogleser ermittelt und anonym in der Datenbank gespeichert. Das PlugIn Count_per_day wertet diese IP-Adressen aus und ordnet sie einem Land zu. Auch das Tool f\u00fcr die Bewertung der Beitr\u00e4ge speichert die IP-Adressen des Bloglesers anonym in der Datenbank. Eine Zusammenf\u00fchrung dieser Daten mit anderen Datenquellen wird nicht vorgenommen. Die Daten lassen keine R\u00fcckschl\u00fcsse auf eine bestimmte Person zu. Aus diesem Grund werden die Daten dauerhaft als technische Vorkehrung gespeichert.<\/p>\n<hr \/>\n<h2>Cookies, Webanalyse-Dienste und Social Media<\/h2>\n<p>Die Internetseiten verwenden so genannte Cookies. Cookies richten auf Ihrem Rechner keinen Schaden an und enthalten keine Viren. Cookies dienen dazu, mein Angebot nutzerfreundlicher, effektiver und sicherer zu machen. Cookies sind kleine Textdateien, die auf Ihrem Rechner abgelegt werden und die Ihr Browser speichert.<\/p>\n<p>Die meisten der von mir verwendeten Cookies sind so genannte \u201cSession-Cookies\u201d. Sie werden nach Ende Ihres Besuchs automatisch gel\u00f6scht. Andere Cookies bleiben auf Ihrem Endger\u00e4t gespeichert bis Sie diese l\u00f6schen. Diese Cookies erm\u00f6glichen es mir, Ihren Browser beim n\u00e4chsten Besuch wiederzuerkennen.<\/p>\n<p>Sie k\u00f6nnen Ihren Browser so einstellen, dass Sie \u00fcber das Setzen von Cookies informiert werden und Cookies nur im Einzelfall erlauben, die Annahme von Cookies f\u00fcr bestimmte F\u00e4lle oder generell ausschlie\u00dfen sowie das automatische L\u00f6schen der Cookies beim Schlie\u00dfen des Browsers aktivieren. Bei der Deaktivierung von Cookies kann die Funktionalit\u00e4t dieser Website eingeschr\u00e4nkt sein.<\/p>\n<p>Cookies, die zur Durchf\u00fchrung des elektronischen Kommunikationsvorgangs oder zur Bereitstellung bestimmter, von Ihnen erw\u00fcnschter Funktionen (z.B. Warenkorbfunktion) erforderlich sind, werden auf Grundlage von Art. 6 Abs. 1 lit. f DSGVO gespeichert. Der Websitebetreiber hat ein berechtigtes Interesse an der Speicherung von Cookies zur technisch fehlerfreien und optimierten Bereitstellung seiner Dienste.<\/p>\n<p>Die Inhalte dieser Webseite werden\u00a0<b>nicht<\/b>\u00a0mit sozialen Netzwerken geteilt. Ich nutze auch\u00a0<b>keine<\/b>\u00a0Webanalysetools- oder -dienste zum Zwecke der Marktforschung oder Werbung.<\/p>\n<hr \/>\n<h2>Versand von Informationen \u00fcber mein Angebot sowie sonstige Nachrichten<\/h2>\n<p>Ich nutze Ihre Daten f\u00fcr den Versand von Ihnen bestellter Informationen \u00fcber mein Angebot und sonstige Aktionen von mir an die von Ihnen angegebene E-Mail-Adresse. Dies erfolgt nur mit vorliegender Einwilligung von Ihnen oder einer gesetzlichen Erlaubnis. Die Einwilligungen in den Versand erfolgt auf Grundlage der Art. 6 Abs. 1 lit. a, Art. 7 DS-GVO sowie \u00a7 7 Abs. 3 UWG.<\/p>\n<p>Bestimmte Informationsnachrichten, die f\u00fcr die Vertragsabwicklung und die Funktion meiner Webseite notwendig sind, beispielsweise zum Service (z.B. Anmeldebest\u00e4tigung, Passwort\u00e4nderungen usw.) k\u00f6nnen nicht abbestellt werden. Diese Mitteilungen erhalten Sie an die von Ihnen angegebenen Kontaktinformationen.<\/p>\n<hr \/>\n<h2>Verarbeitung personenbezogener Daten bei Kontaktaufnahme oder Registrierung<\/h2>\n<h3>Kontaktaufnahme<\/h3>\n<p>Bei Ihrer Kontaktaufnahme mit mir per Telefon oder E-Mail werden die von Ihnen mitgeteilten Daten basierend auf Art. 6 Abs. 1 lit. a DS-GVO von mir gespeichert, um Ihre Fragen zu beantworten. Die Kontaktaufnahme wird protokolliert, um die Kontaktaufnahme entsprechend den rechtlichen Anforderungen nachweisen zu k\u00f6nnen. Die in diesem Zusammenhang anfallenden Daten l\u00f6sche ich, wenn die jeweilige Konversation mit Ihnen beendet und der betroffene Sachverhalt abschlie\u00dfend gekl\u00e4rt ist.<\/p>\n<h3>Registrierung<\/h3>\n<p>Auf meiner Webseite biete ich Ihnen die M\u00f6glichkeit, sich unter Angabe personenbezogener Daten zu registrieren. Die Daten werden dabei in eine Eingabemaske eingegeben und an mich \u00fcbermittelt und gespeichert. Die Registrierung dient der Erf\u00fcllung eines Vertrags oder der Durchf\u00fchrung vorvertraglicher Ma\u00dfnahmen und basiert somit auf Art. 6 Abs. 1 lit. b DS-GVO.<\/p>\n<p>F\u00fcr den Abschluss und die Abwicklung von Vertr\u00e4gen ben\u00f6tige ich je nach Einzelfall Kontaktangaben, wie etwa Namen, Liefer- und Rechnungsanschrift und E-Mail-Adresse, sowie Angaben zur Art des von Ihnen gew\u00e4hlten Zahlungsmittels. Dar\u00fcber hinaus nutze ich Ihre Daten zur Pflege meiner Kundendatenbank, damit dort nur zutreffende Daten gespeichert werden. Um Tippfehler zu vermeiden und sicherzustellen, dass Ihre bestellten Artikel auch bei Ihnen ankommen, \u00fcberpr\u00fcfe ich bei der Eingabe die Vollst\u00e4ndigkeit und Richtigkeit Ihrer Adresse.<\/p>\n<h3>Sonstiges<\/h3>\n<p>Basierend auf Art. 6 Abs. 1 lit. c und f DS-GVO nutze und speichere ich Ihre personenbezogenen Daten und technischen Informationen, soweit dies erforderlich ist, um Missbrauch oder sonstiges rechtswidriges Verhalten auf meiner Website zu verhindern oder zu verfolgen, z.B. zur Aufrechterhaltung der Datensicherheit bei Angriffen auf meine IT-Systeme. Dies erfolgt auch, soweit ich dazu rechtlich verpflichtet bin, etwa aufgrund beh\u00f6rdlicher oder gerichtlicher Anordnung, und f\u00fcr die Wahrnehmung meiner Rechte und Anspr\u00fcche sowie zur Rechtsverteidigung.<\/p>\n<hr \/>\n<h2>Weitergabe personenbezogener Daten an Dritte<\/h2>\n<p>Bei der Weitergabe Ihrer personenbezogenen Daten achte ich stets auf ein m\u00f6glichst hohes Sicherheitsniveau. Daher werden Ihre Daten nur an vorher sorgf\u00e4ltig ausgew\u00e4hlte Dienstleister weitergegeben. Zudem werden Ihre Daten von mir nur an Stellen weitergeleitet, die sich innerhalb des Europ\u00e4ischen Wirtschaftsraums befinden und deshalb dem strengen EU-Datenschutzrecht unterliegen oder die zur Einhaltung eines entsprechenden Schutzniveaus verpflichtet sind. Eine \u00dcbermittlung von Daten in Drittstaaten erfolgt derzeit nicht und ist nicht geplant.<\/p>\n<h3>Weitergabe an Dienstleistungsunternehmen gem. Art. 6 Abs. 1 lit. b und f DS-GVO<\/h3>\n<p>F\u00fcr den Betrieb sowie zur Optimierung meiner Webseite sowie meiner Services und zur Vertragsabwicklung werden diverse Dienstleistungsunternehmen f\u00fcr mich t\u00e4tig, z.B. f\u00fcr das Hosting meiner Webseite, f\u00fcr die Bezahlung und Auslieferung von Produkten.<\/p>\n<p>Im Unterschied zur Auftragsverarbeitung \u00fcbermittele ich in folgenden F\u00e4llen Daten an Dritte zur eigenverantwortlichen Nutzung f\u00fcr die Vertragsabwicklung:<br \/>\no Bei der Auslieferung von Waren an den Postdienstleister.<br \/>\n<b><\/b><\/p>\n<h3>Weitergabe an sonstige Dritte gem. Art. 6 Abs. 1 lit. c und f DS-GVO<\/h3>\n<p>Schlie\u00dflich werde ich Ihre Daten im Rahmen der bestehenden Datenschutzgesetze an Dritte oder staatliche Stellen weitergeben, wenn ich dazu z.B. aufgrund beh\u00f6rdlicher oder gerichtlicher Anordnung rechtlich verpflichtet bin, oder wenn ich dazu berechtigt bin, z.B. weil dies zur Verfolgung von Straftaten oder f\u00fcr die Wahrnehmung und Durchsetzung meiner Rechte und Anspr\u00fcche erforderlich ist.<\/p>\n<hr \/>\n<h2>Kommentarfunktion, Bewertungsfunktion, Blog-L\u00e4nder<\/h2>\n<p>F\u00fcr die Kommentarfunktion auf dieser Seite werden neben Ihrem Kommentar auch Angaben zum Zeitpunkt der Erstellung des Kommentars, Ihre E-Mail-Adresse und der von Ihnen gew\u00e4hlte Nutzername gespeichert.<\/p>\n<h3>Speicherung der IP-Adresse<\/h3>\n<p>Meine Kommentarfunktion speichert die IP-Adressen der Nutzer, die Kommentare verfassen. Da ich nur Erstkommentare auf meiner Seite vor der Freischaltung pr\u00fcfe und weitere Kommentare desselben Benutzers automatisch freigegeben werden, ben\u00f6tige ich diese Daten, um im Falle von Rechtsverletzungen wie Beleidigungen oder Propaganda gegen den Verfasser vorgehen zu k\u00f6nnen.<\/p>\n<h3>Speicherdauer der Kommentare<\/h3>\n<p>Die Kommentare und die damit verbundenen Daten (z.B. IP-Adresse) werden gespeichert und verbleiben auf meiner Website, bis der kommentierte Inhalt vollst\u00e4ndig gel\u00f6scht wurde oder die Kommentare aus rechtlichen Gr\u00fcnden gel\u00f6scht werden m\u00fcssen (z.B. beleidigende Kommentare).<\/p>\n<h3>Rechtsgrundlage<\/h3>\n<p>Die Speicherung der Kommentare erfolgt auf Grundlage Ihrer Einwilligung (Art. 6 Abs. 1 lit. a DSGVO). Sie k\u00f6nnen eine von Ihnen erteilte Einwilligung jederzeit widerrufen. Dazu reicht eine formlose Mitteilung per E-Mail an mich. Die Rechtm\u00e4\u00dfigkeit der bereits erfolgten Datenverarbeitungsvorg\u00e4nge bleibt vom Widerruf unber\u00fchrt.<\/p>\n<h3>Bewertung der Beitr\u00e4ge<\/h3>\n<p>Das PlugIn f\u00fcr die Bewertung der Beitr\u00e4ge speichert die IP-Adressen des Bloglesers anonym in der Datenbank. Eine Zusammenf\u00fchrung dieser Daten mit anderen Datenquellen wird nicht vorgenommen. Die Daten lassen keine R\u00fcckschl\u00fcsse auf eine bestimmte Person zu.<\/p>\n<h3>Ermittlung der Blog-L\u00e4nder<\/h3>\n<p>F\u00fcr die Ermittlung der Blog-L\u00e4nder werden die IP-Adressen der Blogleser ermittelt und anonym in der Datenbank gespeichert. Das PlugIn Count_per_day wertet diese IP-Adressen aus und ordnet sie einem Land zu.<\/p>\n<hr \/>\n<h2>Ihre Rechte<\/h2>\n<p>Selbstverst\u00e4ndlich haben Sie in Bezug auf die Erhebung Ihrer Daten Rechte, \u00fcber die ich Sie hiermit gern aufkl\u00e4re. M\u00f6chten Sie eines der folgenden unentgeltlichen Rechte in Anspruch nehmen, so gen\u00fcgt eine einfache Nachricht an mich. Sie k\u00f6nnen dazu mein Kontaktdaten aus dem Impressum verwenden, ohne dass Ihnen andere Kosten als die \u00dcbermittlungskosten nach dem Basistarif entstehen:<\/p>\n<p>Zu Ihrem eigenen Schutz behalte ich mir vor, bei einer vorliegenden Anfrage, weitere Informationen einzuholen, die zur Best\u00e4tigung Ihrer Identit\u00e4t erforderlich sind und falls eine Identifizierung nicht m\u00f6glich sein sollte, die Bearbeitung der Anfrage zu verweigern.<\/p>\n<h3>Recht auf Auskunft<\/h3>\n<p>Sie haben das Recht, von mir eine Auskunft \u00fcber die zu Ihrer Person gespeicherten personenbezogenen Daten zu verlangen.<\/p>\n<h3>Recht auf Berichtigung<\/h3>\n<p>Sie haben das Recht, eine unverz\u00fcgliche Berichtigung und\/oder Vervollst\u00e4ndigung der Sie betreffenden personenbezogenen Daten zu verlangen.<\/p>\n<h3>Recht auf Einschr\u00e4nkung der Verarbeitung<\/h3>\n<p>Sie haben das Recht, die Einschr\u00e4nkung der Verarbeitung Ihrer personenbezogenen Daten zu verlangen, soweit die Richtigkeit der Daten von Ihnen bestritten wird, die Verarbeitung unrechtm\u00e4\u00dfig ist, Sie aber deren L\u00f6schung ablehnen und ich die Daten nicht mehr ben\u00f6tige, Sie jedoch diese zur Geltendmachung, Aus\u00fcbung oder Verteidigung von Rechtsanspr\u00fcchen ben\u00f6tigen oder Sie Widerspruch gegen die Verarbeitung eingelegt haben.<\/p>\n<h3>Recht auf L\u00f6schung<\/h3>\n<p>Sie haben das Recht, die L\u00f6schung Ihrer bei mir gespeicherten personenbezogenen Daten zu verlangen, soweit nicht die Aus\u00fcbung des Rechts auf freie Meinungs\u00e4u\u00dferung und Information, die Verarbeitung zur Erf\u00fcllung einer rechtlichen Verpflichtung, aus Gr\u00fcnden des \u00f6ffentlichen Interesses oder zur Geltendmachung, Aus\u00fcbung oder Verteidigung von Rechtsanspr\u00fcchen erforderlich ist.<\/p>\n<h3>Recht auf Unterrichtung<\/h3>\n<p>Haben Sie das Recht auf Berichtigung, L\u00f6schung oder Einschr\u00e4nkung der Verarbeitung geltend gemacht, werde ich allen Empf\u00e4ngern, denen die Sie betreffenden personenbezogenen Daten offengelegt wurden, diese Berichtigung oder L\u00f6schung der Daten oder Einschr\u00e4nkung der Verarbeitung mitteilen, es sei denn, dies erweist sich als unm\u00f6glich oder ist mit einem unverh\u00e4ltnism\u00e4\u00dfigen Aufwand verbunden.<\/p>\n<h3>Recht auf Daten\u00fcbertragbarkeit<\/h3>\n<p>Sie haben das Recht, personenbezogene Daten, die Sie mir bereitgestellt haben, an sich oder an einen Dritten in einem strukturierten, g\u00e4ngigen und maschinenlesbaren Format aush\u00e4ndigen zu lassen. Sofern Sie die direkte \u00dcbertragung der Daten an einen anderen Verantwortlichen verlangen, erfolgt dies nur, soweit es technisch machbar ist.<\/p>\n<h3>Widerspruchsrecht<\/h3>\n<p>Sofern Ihre personenbezogenen Daten auf Grundlage von berechtigten Interessen gem\u00e4\u00df Art. 6 Abs. 1 lit. f DS-GVO verarbeitet werden, haben Sie das Recht, gem\u00e4\u00df Art. 21 DS-GVO jederzeit Widerspruch gegen die Verarbeitung einzulegen.<\/p>\n<h3>Widerrufsrecht von Einwilligungen<\/h3>\n<p>Sie haben das Recht, Ihre Einwilligung bzgl. der Erhebung von Daten jederzeit mit Wirkung f\u00fcr die Zukunft zu widerrufen. Die bis zur Rechtskraft des Widerrufs erhobenen Daten bleiben hiervon unber\u00fchrt. Bitte haben Sie Verst\u00e4ndnis daf\u00fcr, dass die Umsetzung Ihres Widerrufs aus technischen Gr\u00fcnden ein wenig Zeit ben\u00f6tigen kann und Sie w\u00e4hrenddessen m\u00f6glicherweise noch Nachrichten von mir erhalten.<\/p>\n<h3>Recht auf Beschwerde bei einer Aufsichtsbeh\u00f6rde<\/h3>\n<p>Verst\u00f6\u00dft die Verarbeitung Ihrer personenbezogenen Daten gegen das Datenschutzrecht oder wurden Ihre datenschutzrechtlichen Anspr\u00fcche sonst in einer Weise verletzt, k\u00f6nnen Sie sich bei der Aufsichtsbeh\u00f6rde beschweren. Eine Liste der Datenschutzbeauftragten sowie deren Kontaktdaten k\u00f6nnen folgendem Link entnommen werden:<br \/>\n<a href=\"https:\/\/www.bfdi.bund.de\/DE\/Infothek\/Anschriften_Links\/anschriften_links-node.html\" target=\"_blank\" rel=\"noopener noreferrer\"><b>https:\/\/www.bfdi.bund.de\/DE\/Infothek\/Anschriften_Links\/anschriften_links-node.html<\/b><\/a>.<\/p>\n<p>Sie k\u00f6nnen Ihre Rechte zur Berichtigung und L\u00f6schung auch am schnellsten, einfachsten und komfortabelsten aus\u00fcben, indem Sie sich in Ihrem Kundenkonto einloggen und Ihre dort gespeicherten Daten direkt bearbeiten oder l\u00f6schen. Daten, die ich aufgrund gesetzlicher, satzungsm\u00e4\u00dfiger oder vertraglicher Aufbewahrungspflichten speichern muss, werden statt einer L\u00f6schung gesperrt, um eine Nutzung f\u00fcr andere Zwecke zu verhindern.<\/p>\n<hr \/>\n<h2>Links auf Internet-Seiten anderer Unternehmen<\/h2>\n<p>Meine Webseite enth\u00e4lt Links auf Internet-Seiten anderer Unternehmen. Ich bin nicht verantwortlich f\u00fcr die Datenschutzvorkehrungen auf externen Webseiten, die Sie \u00fcber diese Links erreichen k\u00f6nnen. Bitte informieren Sie sich dort \u00fcber den Datenschutz dieser externen Webseiten.<\/p>\n<hr \/>\n<h2>\u00c4nderung der Datenschutzhinweise<\/h2>\n<p>Um zu gew\u00e4hrleisten, dass meine Datenschutzhinweise stets den aktuellen gesetzlichen Vorgaben entsprechen, behalte ich mir jederzeit \u00c4nderungen vor. Das gilt auch f\u00fcr den Fall, dass die Datenschutzhinweise aufgrund neuer oder \u00fcberarbeiteter Angebote oder Leistungen angepasst werden m\u00fcssen.<\/p>\n<hr \/>\n<p>Stand: November 2024<\/p>\n","protected":false},"excerpt":{"rendered":"<p>Datenschutzhinweise f\u00fcr die Webseite\u00a0www.jabietz.de\u00a0und Subseiten Mein Bestreben ist es, dass Sie sich auf meiner Webseite wohlf\u00fchlen. Der Schutz Ihrer Privatsph\u00e4re und Ihr Pers\u00f6nlichkeitsrecht sind deshalb f\u00fcr mich ein wichtiges Anliegen. Deshalb m\u00f6chte ich Sie bitten, die nachfolgende Zusammenfassung \u00fcber die Funktionsweise meiner Webseite aufmerksam zu lesen. Sie k\u00f6nnen auf eine transparente und faire Datenverarbeitung vertrauen [&hellip;]<\/p>\n","protected":false},"author":1,"featured_media":0,"parent":0,"menu_order":0,"comment_status":"closed","ping_status":"closed","template":"","meta":{"_themeisle_gutenberg_block_has_review":false,"footnotes":""},"class_list":["post-9","page","type-page","status-publish","hentry"],"_links":{"self":[{"href":"https:\/\/jabietz.de\/shop\/wp-json\/wp\/v2\/pages\/9","targetHints":{"allow":["GET"]}}],"collection":[{"href":"https:\/\/jabietz.de\/shop\/wp-json\/wp\/v2\/pages"}],"about":[{"href":"https:\/\/jabietz.de\/shop\/wp-json\/wp\/v2\/types\/page"}],"author":[{"embeddable":true,"href":"https:\/\/jabietz.de\/shop\/wp-json\/wp\/v2\/users\/1"}],"replies":[{"embeddable":true,"href":"https:\/\/jabietz.de\/shop\/wp-json\/wp\/v2\/comments?post=9"}],"version-history":[{"count":0,"href":"https:\/\/jabietz.de\/shop\/wp-json\/wp\/v2\/pages\/9\/revisions"}],"wp:attachment":[{"href":"https:\/\/jabietz.de\/shop\/wp-json\/wp\/v2\/media?parent=9"}],"curies":[{"name":"wp","href":"https:\/\/api.w.org\/{rel}","templated":true}]}}