{"id":80,"date":"2017-07-14T11:05:43","date_gmt":"2017-07-14T09:05:43","guid":{"rendered":"https:\/\/jabietz.de\/fregatte-luebeck\/?page_id=80"},"modified":"2017-07-24T11:14:10","modified_gmt":"2017-07-24T09:14:10","slug":"allgemeine-daten-der-f224","status":"publish","type":"page","link":"https:\/\/jabietz.de\/fregatte-luebeck\/allgemeine-daten-der-f224\/","title":{"rendered":"Allgemeine Daten der &#8222;F224&#8220;"},"content":{"rendered":"<h3><span style=\"font-size: 14pt;\"><strong>Das Internationale Rufzeichen der &#8222;L\u00dcBECK&#8220;<\/strong><\/span><\/h3>\n<p>bis 31.11.1981 &#8222;D &#8211; B &#8211; S &#8211; I&#8220;<\/p>\n<p><img loading=\"lazy\" decoding=\"async\" class=\"alignnone wp-image-1469 size-full\" src=\"https:\/\/jabietz.de\/fregatte-luebeck\/wp-content\/uploads\/2017\/07\/d.png\" alt=\"\" width=\"75\" height=\"50\" \/>\u00a0<img loading=\"lazy\" decoding=\"async\" class=\"alignnone wp-image-1468 size-full\" src=\"https:\/\/jabietz.de\/fregatte-luebeck\/wp-content\/uploads\/2017\/07\/b.png\" alt=\"\" width=\"75\" height=\"50\" \/>\u00a0<img loading=\"lazy\" decoding=\"async\" class=\"alignnone wp-image-1473 size-full\" src=\"https:\/\/jabietz.de\/fregatte-luebeck\/wp-content\/uploads\/2017\/07\/s.png\" alt=\"\" width=\"75\" height=\"50\" \/>\u00a0<img loading=\"lazy\" decoding=\"async\" class=\"alignnone wp-image-1470 size-full\" src=\"https:\/\/jabietz.de\/fregatte-luebeck\/wp-content\/uploads\/2017\/07\/i.png\" alt=\"\" width=\"75\" height=\"50\" \/><\/p>\n<p>ab 01.12.1981 &#8222;D &#8211; R &#8211; A &#8211; O&#8220;<\/p>\n<p><img loading=\"lazy\" decoding=\"async\" class=\"alignnone wp-image-1469 size-full\" src=\"https:\/\/jabietz.de\/fregatte-luebeck\/wp-content\/uploads\/2017\/07\/d.png\" alt=\"\" width=\"75\" height=\"50\" \/> <img loading=\"lazy\" decoding=\"async\" class=\"alignnone wp-image-1472 size-full\" src=\"https:\/\/jabietz.de\/fregatte-luebeck\/wp-content\/uploads\/2017\/07\/r.png\" alt=\"\" width=\"75\" height=\"50\" \/> <img loading=\"lazy\" decoding=\"async\" class=\"alignnone wp-image-1467 size-full\" src=\"https:\/\/jabietz.de\/fregatte-luebeck\/wp-content\/uploads\/2017\/07\/a.png\" alt=\"\" width=\"75\" height=\"50\" \/> <img loading=\"lazy\" decoding=\"async\" class=\"alignnone wp-image-1471 size-full\" src=\"https:\/\/jabietz.de\/fregatte-luebeck\/wp-content\/uploads\/2017\/07\/o.png\" alt=\"\" width=\"75\" height=\"50\" \/><\/p>\n<h3><\/h3>\n<h3><span style=\"font-size: 14pt;\"><strong>Daten zur Fregatte &#8222;L\u00dcBECK&#8220;<\/strong><\/span><\/h3>\n<table>\n<tbody>\n<tr>\n<td>Schiffstyp<\/td>\n<td>:<\/td>\n<td>Urspr\u00fcnglich Typ Geleitboot 55<br \/>\nab Januar 1966 Fregatte K\u00f6ln Klasse 120<\/td>\n<td><\/td>\n<\/tr>\n<tr>\n<td>Kiellegung<\/td>\n<td>:<\/td>\n<td>28.10.1959<\/td>\n<td><\/td>\n<\/tr>\n<tr>\n<td>Taufe und Stapellauf<\/td>\n<td>:<\/td>\n<td>23.07.1960<\/td>\n<td><\/td>\n<\/tr>\n<tr>\n<td>Indienststellung<\/td>\n<td>:<\/td>\n<td>06.07.1963<\/td>\n<td><\/td>\n<\/tr>\n<tr>\n<td>Heimathafen<\/td>\n<td>:<\/td>\n<td>Wilhelmshaven, 2. Geleitgeschwader, sp\u00e4ter 2. Fregattengeschwader<\/td>\n<td><\/td>\n<\/tr>\n<tr>\n<td>Aus der Fahrbereitschaft genommen<\/td>\n<td>:<\/td>\n<td>30.09.1988<\/td>\n<td><\/td>\n<\/tr>\n<tr>\n<td>Au\u00dferdienststellung<\/td>\n<td>:<\/td>\n<td>01.12.1988<\/td>\n<td><\/td>\n<\/tr>\n<tr>\n<td>Verbleib<\/td>\n<td>:<\/td>\n<td>verkauft als Ersatzteiltr\u00e4ger an die t\u00fcrkische Marine<\/td>\n<\/tr>\n<\/tbody>\n<\/table>\n<h3><\/h3>\n<h3><span style=\"font-size: 14pt;\"><strong>Technische Daten zur &#8222;L\u00dcBECK&#8220;<\/strong><\/span><\/h3>\n<table>\n<tbody>\n<tr>\n<td>Verdr\u00e4ngung<\/td>\n<td>:<\/td>\n<td>2.969 t<\/td>\n<\/tr>\n<tr>\n<td>L\u00e4nge<\/td>\n<td>:<\/td>\n<td>109,83 m<\/td>\n<\/tr>\n<tr>\n<td>Breite<\/td>\n<td>:<\/td>\n<td>11,02 m<\/td>\n<\/tr>\n<tr>\n<td>Tiefgang<\/td>\n<td>:<\/td>\n<td>3,54 m<\/td>\n<\/tr>\n<tr>\n<td>Antrieb<\/td>\n<td>:<\/td>\n<td>Gasturbinen: 2 x MAN 8.832 kW bei 3.600 U\/min<\/td>\n<\/tr>\n<tr>\n<td>Diesel<\/td>\n<td>:<\/td>\n<td>4 x MAN Viertakt 2.208 kW Typ V8V 24\/30 mHA \/ 872 U\/min<\/td>\n<\/tr>\n<tr>\n<td>2 Wellen<\/td>\n<td>:<\/td>\n<td>Verstellpropeller von KAMEWA je 2,98 m Durchmesser<\/td>\n<\/tr>\n<tr>\n<td>Ruderanzahl<\/td>\n<td>:<\/td>\n<td>2<\/td>\n<\/tr>\n<tr>\n<td>Geschwindigkeit<\/td>\n<td>:<\/td>\n<td>34 Knoten Kombinationsbetrieb (CODAG), Diesel:23 kn, Gas:28 kn<\/td>\n<\/tr>\n<tr>\n<td>Besatzung<\/td>\n<td>:<\/td>\n<td>210 bis 238 Mann<\/td>\n<\/tr>\n<\/tbody>\n<\/table>\n<h3><\/h3>\n<h3><span style=\"font-size: 14pt;\"><strong>Kommandanten der &#8222;F224&#8220;<\/strong><\/span><\/h3>\n<table>\n<tbody>\n<tr>\n<td width=\"230\">06.07.1963 &#8211; 01.04.1965<\/td>\n<td>:<\/td>\n<td>KKpt. Lawrence<\/td>\n<\/tr>\n<tr>\n<td>01.04.1965 &#8211; 01.04.1967<\/td>\n<td>:<\/td>\n<td>FKpt. Zimmermann<\/td>\n<\/tr>\n<tr>\n<td>01.04.1967 &#8211; 08.1968<\/td>\n<td>:<\/td>\n<td>FKpt. Malwitz<\/td>\n<\/tr>\n<tr>\n<td>08.1968 &#8211; 09.1969<\/td>\n<td>:<\/td>\n<td>&#8211; nicht besetzt<\/td>\n<\/tr>\n<tr>\n<td>01.10.1969 &#8211; 01.10.1971<\/td>\n<td>:<\/td>\n<td>FKpt. Kahl<\/td>\n<\/tr>\n<tr>\n<td>01.10.1971 &#8211; 03.07.1972<\/td>\n<td>:<\/td>\n<td>FKpt. Seyfferth<\/td>\n<\/tr>\n<tr>\n<td>03.07.1972 &#8211; 01.10.1973<\/td>\n<td>:<\/td>\n<td>&#8211; nicht besetzt<\/td>\n<\/tr>\n<tr>\n<td>01.10.1973 &#8211; 29.06.1976<\/td>\n<td>:<\/td>\n<td>FKpt. Kolander<\/td>\n<\/tr>\n<tr>\n<td>29.06.1976 &#8211; 01.11.1979<\/td>\n<td>:<\/td>\n<td>FKpt. Plesmann<\/td>\n<\/tr>\n<tr>\n<td>01.11.1979 &#8211; 05.04.1982<\/td>\n<td>:<\/td>\n<td>FKpt. Brettschneider<\/td>\n<\/tr>\n<tr>\n<td>05.04.1982 &#8211; 05.1985<\/td>\n<td>:<\/td>\n<td>FKpt. Behrens<\/td>\n<\/tr>\n<tr>\n<td>05.1985 &#8211; 09.1987<\/td>\n<td>:<\/td>\n<td>FKpt. Dietrich<\/td>\n<\/tr>\n<tr>\n<td>09.1987 &#8211; 12.1988<\/td>\n<td>:<\/td>\n<td>FKpt. Trimpler<\/td>\n<\/tr>\n<tr>\n<td>10.1988 &#8211; 11.1988<\/td>\n<td>:<\/td>\n<td>KptLt. Gies<\/td>\n<\/tr>\n<\/tbody>\n<\/table>\n","protected":false},"excerpt":{"rendered":"<p>Das Internationale Rufzeichen der &#8222;L\u00dcBECK&#8220; bis 31.11.1981 &#8222;D &#8211; B &#8211; S &#8211; I&#8220; \u00a0\u00a0\u00a0 ab 01.12.1981 &#8222;D &#8211; R &#8211; A &#8211; O&#8220; Daten zur Fregatte &#8222;L\u00dcBECK&#8220; Schiffstyp : Urspr\u00fcnglich Typ Geleitboot 55 ab Januar 1966 Fregatte K\u00f6ln Klasse 120 Kiellegung : 28.10.1959 Taufe und Stapellauf : 23.07.1960 Indienststellung : 06.07.1963 Heimathafen : Wilhelmshaven, [&hellip;]<\/p>\n","protected":false},"author":1,"featured_media":0,"parent":0,"menu_order":0,"comment_status":"closed","ping_status":"closed","template":"","meta":{"footnotes":""},"class_list":["post-80","page","type-page","status-publish","hentry","post-preview"],"_links":{"self":[{"href":"https:\/\/jabietz.de\/fregatte-luebeck\/wp-json\/wp\/v2\/pages\/80","targetHints":{"allow":["GET"]}}],"collection":[{"href":"https:\/\/jabietz.de\/fregatte-luebeck\/wp-json\/wp\/v2\/pages"}],"about":[{"href":"https:\/\/jabietz.de\/fregatte-luebeck\/wp-json\/wp\/v2\/types\/page"}],"author":[{"embeddable":true,"href":"https:\/\/jabietz.de\/fregatte-luebeck\/wp-json\/wp\/v2\/users\/1"}],"replies":[{"embeddable":true,"href":"https:\/\/jabietz.de\/fregatte-luebeck\/wp-json\/wp\/v2\/comments?post=80"}],"version-history":[{"count":0,"href":"https:\/\/jabietz.de\/fregatte-luebeck\/wp-json\/wp\/v2\/pages\/80\/revisions"}],"wp:attachment":[{"href":"https:\/\/jabietz.de\/fregatte-luebeck\/wp-json\/wp\/v2\/media?parent=80"}],"curies":[{"name":"wp","href":"https:\/\/api.w.org\/{rel}","templated":true}]}}